{"id":7114,"date":"2025-05-15T15:48:58","date_gmt":"2025-05-15T13:48:58","guid":{"rendered":"https:\/\/value-dossier.com\/data-privacy\/"},"modified":"2025-10-07T18:16:43","modified_gmt":"2025-10-07T16:16:43","slug":"data-privacy","status":"publish","type":"page","link":"https:\/\/value-dossier.com\/en\/data-privacy\/","title":{"rendered":"Data privacy"},"content":{"rendered":"\n<section class=\"wrap_outer intro-alternative no-spacing\">\n    <div class=\"wrap_inner\">\n\n        <div class=\"intro__text\">\n            <div class=\"okd-text\">\n                                <h1>Data privacy<\/h1>\n                                            <\/div>\n        <\/div>\n\n    <\/div>\n    <div class=\"intro__visual\">\n        <div class=\"wrap_inner\">\n\n            \n        <\/div>\n    <\/div>\n<\/section>\n<section class=\"wrap_outer textblock\">\n    <div class=\"wrap_inner\">\n\n        <div class=\"okd-text\">\n            <h4>Allgemeines<\/h4>\n<p>Die Einhaltung der Datenschutzgesetze ist f\u00fcr die WS Value &amp; Dossier GmbH nicht nur gesetzliche Pflicht, sondern auch ein wichtiger Vertrauensfaktor. Mit den nachfolgenden Datenschutzbestimmungen m\u00f6chten wir Sie deshalb transparent \u00fcber Art, Umfang und Zweck der von Ihnen erhobenen und verarbeiteten personenbezogenen Daten innerhalb dieses Internetauftrittes sowie Ihre Rechte informieren. <\/p>\n<h4>Verantwortlichkeit f\u00fcr die Datenverarbeitung<\/h4>\n<p>WS Value &amp; Dossier GmbH, Rheinstra\u00dfe 2, 65760 Eschborn (Im Folgenden: \u201eWir\u201c oder\u201eBetreiber\u201c) ist als Betreiber der Website www.value-dossier.com, Verantwortlicher gem. Art. 4 Nr. 7 der EU-Datenschutz-Grundverordnung (DSGVO). Bei Fragen k\u00f6nnen Sie sich an ws@value-dossier.com wenden.  <\/p>\n<h4>Ihre Rechte als betroffene Person<\/h4>\n<p>Als betroffene Person haben Sie uns gegen\u00fcber folgende Rechte hinsichtlich Ihrer personenbezogenen Daten. Sie haben: <\/p>\n<ul>\n<li>Ein Recht auf Auskunft \u00fcber die Kategorien der verarbeiteten Daten, der Verarbeitungszwecke, die Speicherdauer sowie etwaige Empf\u00e4nger. (Art. 15 DSGVO) <\/li>\n<li>Ein Recht auf Berichtigung oder L\u00f6schung unrichtiger bzw. unvollst\u00e4ndiger Daten. (Art. 17 DSGVO) <\/li>\n<li>Ein Recht auf Einschr\u00e4nkung der Verarbeitung, soweit eine L\u00f6schung nicht m\u00f6glich oder strittig ist. (Art. 18 DSGVO) <\/li>\n<li>Ein Recht auf Widerspruch gegen die Verarbeitung, soweit die Datenverarbeitung aufgrund eines berechtigten Interesses erfolgte. (Art. 21 Abs. 1 DSGVO) <\/li>\n<li>Ein Recht auf Widerruf einer abgegebenen Einwilligung mit Wirkung f\u00fcr die Zukunft. (Art. 7 Abs. 3 DSGVO) <\/li>\n<li>Ein Recht auf Daten\u00fcbertragbarkeit in einem g\u00e4ngigen Format. (Art. 20 DSGVO)<x id=\"gid_0\"><\/x>Sie haben zudem das Recht, sich bei einer Datenschutz-Aufsichtsbeh\u00f6rde \u00fcber die Verarbeitung Ihrer personenbezogenen Daten durch uns zu beschweren, insbesondere in dem Mitgliedstaat Ihres gew\u00f6hnlichen Aufenthaltsorts, Ihres Arbeitsplatzes oder des Orts des mutma\u00dflichen Versto\u00dfes. (Art. 77 DSGVO)  <\/li>\n<\/ul>\n<h4>Datenschutzma\u00dfnahmen<\/h4>\n<p>Wir sichern unsere Website und sonstigen Systeme \u2013 und damit auch Ihre Daten \u2013 durch technische und organisatorische Ma\u00dfnahmen gegen Verlust, Zerst\u00f6rung, Zugriff, Ver\u00e4nderung oder Verbreitung durch unbefugte Personen ab. Insbesondere werden Ihre pers\u00f6nlichen Daten verschl\u00fcsselt durch das Internet \u00fcbertragen. Wir bedienen uns dabei des Codierungssystems TLS (Transport Layer Security).  <\/p>\n<p>Jedoch ist die \u00dcbertragung von Informationen \u00fcber das Internet nie vollst\u00e4ndig sicher, weshalb wir die Sicherheit der von unserer Website \u00fcbermittelten Daten nicht zu 100% garantieren k\u00f6nnen.<\/p>\n<h4>Datenverarbeitung<\/h4>\n<p><em>Daten\u00fcbermittlung an Drittstaaten au\u00dferhalb der EU<\/em><br \/>\nAlle Informationen, die wir von Ihnen oder \u00fcber Sie erhalten, werden grunds\u00e4tzlich auf Servern innerhalb der Europ\u00e4ischen Union verarbeitet. Eine \u00dcbermittlung Ihrer Daten an oder eine Verarbeitung Ihrer Daten in Drittstaaten erfolgt ohne Ihre ausdr\u00fcckliche Einwilligung lediglich, sofern dies gesetzlich vorgesehen ist und in dem Drittstaat ein hierf\u00fcr angemessenes Datenschutzniveau sichergestellt ist. <\/p>\n<h4>Weitergabe von Daten, Auftragsdatenverarbeitung<\/h4>\n<p>Grunds\u00e4tzlich geben wir Ihre personenbezogenen Daten nicht an Dritte weiter, es sei denn,<\/p>\n<ul>\n<li>Sie haben in die Datenweitergabe eingewilligt oder<\/li>\n<li>wir sind aufgrund gesetzlicher Bestimmungen oder beh\u00f6rdlicher oder gerichtlicher Anordnungen zu einer Datenweitergabe berechtigt oder verpflichtet. Dabei kann es sich insbesondere um die Auskunftserteilung f\u00fcr Zwecke der Strafverfolgung, zur Gefahrenabwehr oder zur Durchsetzung geistiger Eigentumsrechte handeln. <\/li>\n<\/ul>\n<p>Unter Umst\u00e4nden \u00fcbermitteln wir Ihre Daten au\u00dferdem an externe Dienstleister (Auftragsverarbeiter), um unsere eigene Datenverarbeitung zu vereinfachen. In diesem Fall wird dieser Auftragsverarbeiter entsprechend Art. 28 DSGVO vertraglich verpflichtet, das hei\u00dft insbesondere, dass der Auftragsverarbeiter hinreichend Garantien daf\u00fcr zu bieten hat, dass durch ihn geeignete technische und organisatorische Ma\u00dfnahmen so durchgef\u00fchrt werden, dass die Verarbeitung im Einklang mit den Anforderungen der DSGVO erfolgt und der Schutz Ihrer Rechte als betroffene Person gew\u00e4hrleistet ist. Trotz Beauftragung von Auftragsverarbeitern bleiben wir f\u00fcr die Verarbeitung Ihrer personenbezogenen Daten die Verantwortliche Stelle im Sinne der Datenschutzgesetze.  <\/p>\n<h4>Arten, Zweck und Speicherdauer von Daten, Rechtsgrundlagen<\/h4>\n<p>Zur Erbringung der Dienstleistung des Betreibers ist es notwendig, personenbezogene Daten zu verwenden.<\/p>\n<p><strong>a) User<\/strong><\/p>\n<p>Mit dem Absenden des Kontaktformulars oder einer Email an uns erkl\u00e4ren Sie sich mit der Verarbeitung und Speicherung Ihrer eingegebenen Daten (insbesondere Ihrer E-Mailadresse) einverstanden. Die von Ihnen dabei an uns \u00fcbermittelten Daten verarbeiten wir ausschlie\u00dflich bis zur Erreichung des jeweiligen Zwecks Ihrer Kontaktaufnahme, maximal jedoch bis zu 7 Tage nach Zweckerreichung. Dieser Verarbeitung k\u00f6nnen Sie jederzeit mit Wirkung f\u00fcr die Zukunft widersprechen. Nutzen Sie hierf\u00fcr bitte unsere Kontaktdaten im Impressum.   <\/p>\n<p>Die Rechtsgrundlage f\u00fcr die Nutzung der von Ihnen durch die Kontaktaufnahme an uns \u00fcbermittelten Daten ist Art. 6 Abs. 1 S. 1 Buchstabe a) DSGVO (Einwilligung der betroffenen Person). Ihre Einwilligung k\u00f6nnen Sie jederzeit mit Wirkung f\u00fcr die Zukunft widerrufen.  <\/p>\n<p><strong>b) Server-Log-Dateien<\/strong><\/p>\n<p>Bei jedem Aufruf unserer Webseite werden die folgenden allgemeinen Informationen von Ihrem Browser automatisch an unseren Server \u00fcbermittelt (sog. Server-Log-Dateien): IP-Adresse, Produkt- und Versionsinformationen \u00fcber den verwendeten Browser und das Betriebssystem, die Internetseite von welcher Ihr Zugriff stattfand (sog. Referer), Datum und Uhrzeit der Anfrage und u.U. Ihr Internet-Service-Provider. Au\u00dferdem werden der Status und die \u00fcbertragene Datenmenge im Rahmen dieser Anfrage erfasst. <\/p>\n<p>Die IP-Adresse Ihres Computers wird dabei nur f\u00fcr die Zeit Ihrer Nutzung der Website gespeichert und im Anschluss daran unverz\u00fcglich gel\u00f6scht oder durch K\u00fcrzung teilweise unkenntlich gemacht. Die \u00fcbrigen Daten werden f\u00fcr eine begrenzte Zeitdauer (maximal 7 Tage) gespeichert. <\/p>\n<p>Die Rechtsgrundlage f\u00fcr die Nutzung der Server-Log-Dateien ist Art. 6 Abs. 1 S. 1 Buchstabe f) DSGVO (Berechtigtes Interesse an der Datenverarbeitung). Das berechtigte Interesse ergibt sich aus der Notwendigkeit f\u00fcr den Betrieb unserer Website, insbesondere um Fehler der Website festzustellen und zu beseitigen, um die Auslastung der Website festzustellen und um Anpassungen oder Verbesserungen vorzunehmen und die Sicherheit des Systems zu gew\u00e4hrleisten.  <\/p>\n<p><strong>c) Cookies<\/strong><\/p>\n<p>Wir benutzen zur Verbesserung der Nutzerfreundlichkeit auf unserer Webseite sogenannte \u201eCookies\u201c. Sehr vereinfacht gesagt ist ein Cookie eine kleine Textdatei, die Daten \u00fcber besuchte Webseiten speichert. Cookies speichern eine Art \u201eBenutzerprofil\u201c, also Dinge wie Ihre bevorzugte Sprache und andere Seiteneinstellungen, die von unserer Webseite ben\u00f6tigt werden, um Ihnen bestimmte Dienste anbieten zu k\u00f6nnen. Diese Datei wird von unserer Webseite auf Ihrem Computer gespeichert und hilft dabei, Sie bei einem erneuten Aufruf unserer Webseite wiederzuerkennen. Wir erhalten durch die Cookies au\u00dferdem Informationen \u00fcber Ihre bevorzugten Aktivit\u00e4ten auf unserer Website und k\u00f6nnen unsere Website so an Ihren individuellen Interessen ausrichten und die Geschwindigkeit der Abwicklung Ihrer Anfragen beschleunigen.    <\/p>\n<p>Sie k\u00f6nnen die Cookies in den Sicherheitseinstellungen Ihres Browsers jederzeit manuell l\u00f6schen. Sie k\u00f6nnen die Speicherung von Cookies aber auch durch eine entsprechende Einstellung Ihres Browsers von vorneherein verhindern. Bitte beachten Sie dabei aber, dass Sie dann m\u00f6glicherweise nicht s\u00e4mtliche Funktionen unserer Webseite vollumf\u00e4nglich nutzen k\u00f6nnen. Sollten Sie nur unsere eigenen Cookies, nicht aber Cookies unserer Auftragsverarbeiter akzeptieren wollen, k\u00f6nnen Sie die Speicherung dieser Cookies durch die entsprechende Einstellung \u201eCookies von Drittanbietern blockieren\u201d verhindern.   <\/p>\n<p>Die Rechtsgrundlage f\u00fcr die Nutzung der Cookies ist im Allgemeinen Art. 6 Abs. 1 S. 1 Buchstabe f) DSGVO (Berechtigtes Interesse an der Datenverarbeitung). Das berechtigte Interesse ergibt sich aus unserem Bedarf Ihnen eine nutzerfreundliche Webseite anbieten zu k\u00f6nnen.  <\/p>\n<p><em>Dienste Dritter<\/em><\/p>\n<p>Wir nutzen auf unserer Webseite Dienste von Dritten, beispielsweise Plugins oder APIs (Application Programming Interface, zu Deutsch: Programmierschnittstelle), um den Funktionsumfang unserer Webseite zu erweitern. Dabei werden m\u00f6glicherweise Daten an den Anbieter dieser Dienste \u00fcbermittelt. Im Einzelnen nutzen wir folgende Dienste:  <\/p>\n<p><em>Google Dienste<\/em><\/p>\n<p>Unsere Webseite verwendet Dienste der Firma Google LLC (\u201eGoogle\u201c), 1600 Amphitheatre Parkway Mountain View, CA 94043, USA. Die Firma Google erf\u00fcllt die Anforderungen des \u201eEU-Privacy-Shield\u201c (zu deutsch: EU-Datenschutzschild). Das Privacy-Shield-Abkommen regelt den Schutz personenbezogener Daten, die aus einem Mitgliedsstaat der Europ\u00e4ischen Union in die USA \u00fcbertragen werden. Sie stellt sicher, dass die \u00fcbertragenen Daten dort ebenfalls einem der Europ\u00e4ischen Union vergleichbaren Datenschutzniveau unterliegen. Die Liste zertifizierter Unternehmen k\u00f6nnen Sie hier abrufen: <g id=\"gid_0\">https:\/\/www.privacyshield.gov\/list<\/g>. Mehr Informationen zum Umgang mit Nutzerdaten finden Sie in der Datenschutzerkl\u00e4rung von Google: <a href=\"https:\/\/www.google.de\/intl\/de\/policies\/privacy\/\" target=\"_blank\" rel=\"nofollow noopener\">https:\/\/www.google.de\/intl\/de\/policies\/privacy\/<\/a>.     <\/p>\n<p>Im Einzelnen verwenden wir:<\/p>\n<p><em>Google Tag Manager<\/em><\/p>\n<p>Unsere Webseite verwendet den Unterst\u00fctzungsdienst \u201eGoogle Tag Manager\u201c von Google. Dieser Dienst verarbeitet selbst keine personenbezogenen Daten. Der Google Tag Manager sorgt aber f\u00fcr die Ausl\u00f6sung von Skripten, die von anderen Diensten ben\u00f6tigt werden, um Daten zu erfassen. Ein Zugriff des Google Tag Manager auf diese Daten ist nicht m\u00f6glich.   <\/p>\n<p><em>Google Analytics<\/em><\/p>\n<p>Unsere Website verwendet den Dienst \u201eGoogle Analytics\u201c von Google. Google Analytics verwendet Cookies (siehe oben unter \u201eCookies\u201c), um uns eine Analyse der Benutzung der Website zu erm\u00f6glichen. Die durch das Cookie erzeugten Informationen \u00fcber die Benutzung dieser Website durch die Nutzer werden in der Regel an einen Server von Google in die USA \u00fcbertragen und dort gespeichert. Auf dieser Webseite wurde die IP-Anonymisierung aktiviert, so dass Ihre \u00fcbermittelte IP-Adresse vor der \u00dcbermittlung aus dem Geltungsbereich der DSGVO gek\u00fcrzt und damit zum Teil unkenntlich gemacht wird. Nur in Ausnahmef\u00e4llen wird die volle IP-Adresse zuerst an einen Server von Google in die USA \u00fcbertragen und unmittelbar dort gek\u00fcrzt. In unserem Auftrag wird Google die \u00fcbermittelten Informationen benutzen, um die Nutzung unserer Website durch Sie auszuwerten, um Berichte \u00fcber die Websiteaktivit\u00e4ten zusammenzustellen und um weitere mit der Websitenutzung und der Internetnutzung verbundene Dienstleistungen f\u00fcr uns zu erbringen. Die im Rahmen von Google Analytics von Ihrem Browser \u00fcbermittelte IP-Adresse wird nicht mit anderen Daten von Google zusammengef\u00fchrt. N\u00e4here Informationen zu Nutzungsbedingungen und Datenschutz bei Google Analytics finden Sie unter https:\/\/www.google.com\/analytics\/terms\/de.html bzw. unter <a href=\"https:\/\/www.google.de\/intl\/de\/policies\/\" target=\"_blank\" rel=\"nofollow noopener\">https:\/\/www.google.de\/intl\/de\/policies\/<\/a>.       <\/p>\n<p>Sie k\u00f6nnen verhindern, dass die durch das Cookie erzeugten und auf die Nutzung der Website bezogenen Daten (inkl. IP-Adresse) an Google \u00fcbermittelt bzw. von Google verarbeitet werden, indem Sie das unter dem folgenden Link verf\u00fcgbare Browser-Plugin herunterladen und in Ihrem Browser installieren. Der aktuelle Link lautet: <a href=\"https:\/\/tools.google.com\/dlpage\/gaoptout?hl=de\" target=\"_blank\" rel=\"nofollow noopener\">https:\/\/tools.google.com\/dlpage\/gaoptout?hl=de<\/a>. <\/p>\n<p>Sie k\u00f6nnen die Erhebung Ihrer Daten durch Google Analytics auch verhindern, indem Sie auf den folgenden Link klicken. Es wird dann auf Ihrem Endger\u00e4t ein Opt-Out-Cookie gesetzt, das die zuk\u00fcnftige Erfassung von Daten beim Besuch dieser Website verhindert: Google-Analytics-Messung in diesem Browser deaktivieren. <\/p>\n<p>Die Rechtsgrundlage f\u00fcr die Nutzung von Google Analytics ist Art. 6 Abs. 1 S. 1 Buchstabe f) DSGVO (Berechtigtes Interesse an der Datenverarbeitung). Das berechtigte Interesse ergibt sich aus unserem Bedarf an einer anonymen Auswertung des Nutzungsverhaltens auf unserer Webseite zur nutzerorientierten Verbesserung der Gestaltung unseres Online-Angebots  <\/p>\n<p><em>Google APIs<\/em><\/p>\n<p>Unsere Website verwendet \u201eGoogle APIs\u201c von Google. Dieser Dienst erm\u00f6glicht es uns, unsere Webseite durch die externe Einbindung von Code-Frameworks zu erweitern. Dazu werden die ben\u00f6tigten Frameworks in der Regel von einem Server von Google in den USA angefordert. Durch diese Anforderung werden folgende Informationen an den Server von Google \u00fcbermittelt und dort gespeichert: Diejenige unserer Internetseiten, die Sie besucht haben und die IP-Adresse Ihres Endger\u00e4tes.   <\/p>\n<p>Die Rechtsgrundlage f\u00fcr die Verarbeitung Ihrer Daten in Bezug auf den Dienst \u201eGoogle APIs\u201c ist Art. 6 Abs. 1 S. 1 Buchstabe f) DSGVO (Berechtigtes Interesse an der Datenverarbeitung). Das berechtigte Interesse ergibt sich aus unserem Bedarf an einer ansprechenden und einheitlichen Darstellung unseres Online-Angebots und an einer technisch einwandfreien und schnellen Darstellung unserer Webseite.  <\/p>\n<p><em>Google Fonts<\/em><\/p>\n<p>Unsere Website verwendet den externen Schriftart-Dienst \u201eGoogle Fonts\u201c von Google. Dieser Dienst erm\u00f6glicht es uns, unsere Webseite auch bei sehr unterschiedlich konfigurierten Nutzer-Endger\u00e4ten einheitlich und ansprechend darzustellen, indem Schriftarten von einem externen Server statt vom Endger\u00e4t des Nutzers geladen werden. Dazu werden die ben\u00f6tigten Schriftarten in der Regel von einem Server von Google in den USA angefordert. Durch diese Anforderung werden folgende Informationen an den Server von Google \u00fcbermittelt und dort gespeichert: Diejenige unserer Internetseiten, die Sie besucht haben und die IP-Adresse Ihres Endger\u00e4tes. Die Rechtsgrundlage f\u00fcr die Verarbeitung Ihrer Daten in Bezug auf den Dienst \u201eGoogle Fonts\u201c ist Art. 6 Abs. 1 S. 1 Buchstabe f) DSGVO (Berechtigtes Interesse an der Datenverarbeitung). Das berechtigte Interesse ergibt sich aus unserem Bedarf an einer ansprechenden und einheitlichen Darstellung unseres Online-Angebots.      <\/p>\n<p>Stand der Datenschutzerkl\u00e4rung: 31.07.2025<\/p>\n        <\/div>\n\n    <\/div>\n<\/section>","protected":false},"excerpt":{"rendered":"","protected":false},"author":1,"featured_media":0,"parent":0,"menu_order":0,"comment_status":"closed","ping_status":"open","template":"","meta":{"_acf_changed":false,"footnotes":""},"class_list":["post-7114","page","type-page","status-publish","hentry"],"acf":[],"_links":{"self":[{"href":"https:\/\/value-dossier.com\/en\/wp-json\/wp\/v2\/pages\/7114","targetHints":{"allow":["GET"]}}],"collection":[{"href":"https:\/\/value-dossier.com\/en\/wp-json\/wp\/v2\/pages"}],"about":[{"href":"https:\/\/value-dossier.com\/en\/wp-json\/wp\/v2\/types\/page"}],"author":[{"embeddable":true,"href":"https:\/\/value-dossier.com\/en\/wp-json\/wp\/v2\/users\/1"}],"replies":[{"embeddable":true,"href":"https:\/\/value-dossier.com\/en\/wp-json\/wp\/v2\/comments?post=7114"}],"version-history":[{"count":5,"href":"https:\/\/value-dossier.com\/en\/wp-json\/wp\/v2\/pages\/7114\/revisions"}],"predecessor-version":[{"id":7120,"href":"https:\/\/value-dossier.com\/en\/wp-json\/wp\/v2\/pages\/7114\/revisions\/7120"}],"wp:attachment":[{"href":"https:\/\/value-dossier.com\/en\/wp-json\/wp\/v2\/media?parent=7114"}],"curies":[{"name":"wp","href":"https:\/\/api.w.org\/{rel}","templated":true}]}}